{"id":698,"date":"2021-06-06T12:27:41","date_gmt":"2021-06-06T10:27:41","guid":{"rendered":"http:\/\/don-raffo.com\/blog\/?page_id=698"},"modified":"2025-03-29T12:40:11","modified_gmt":"2025-03-29T11:40:11","slug":"bestellseite-zu-heft-1","status":"publish","type":"page","link":"http:\/\/don-raffo.com\/blog\/bestellseite-zu-heft-1\/","title":{"rendered":"Don Raffo, &#8222;Die Ankunft &#8211; Special Edition&#8220;"},"content":{"rendered":"\n<p class=\"has-text-align-left has-white-color has-text-color\" style=\"font-size:32px\"><strong>Unsere Erstausgabe: &#8222;Die Ankunft Special Edition&#8220;<\/strong><\/p>\n\n\n\n<figure class=\"wp-block-image alignleft size-large is-resized is-style-default\"><a href=\"https:\/\/www.paypal.com\/instantcommerce\/checkout\/M2RQWFQ2WWKKE\" target=\"_blank\" rel=\"noreferrer noopener\"><img fetchpriority=\"high\" decoding=\"async\" width=\"729\" height=\"1024\" src=\"http:\/\/don-raffo.com\/blog\/wp-content\/uploads\/2023\/11\/CoverColour-729x1024.jpg\" alt=\"\" class=\"wp-image-1208\" style=\"width:724px;height:1024px\" srcset=\"http:\/\/don-raffo.com\/blog\/wp-content\/uploads\/2023\/11\/CoverColour-729x1024.jpg 729w, http:\/\/don-raffo.com\/blog\/wp-content\/uploads\/2023\/11\/CoverColour-213x300.jpg 213w, http:\/\/don-raffo.com\/blog\/wp-content\/uploads\/2023\/11\/CoverColour-768x1079.jpg 768w, http:\/\/don-raffo.com\/blog\/wp-content\/uploads\/2023\/11\/CoverColour-1093x1536.jpg 1093w, http:\/\/don-raffo.com\/blog\/wp-content\/uploads\/2023\/11\/CoverColour-1000x1405.jpg 1000w, http:\/\/don-raffo.com\/blog\/wp-content\/uploads\/2023\/11\/CoverColour-230x323.jpg 230w, http:\/\/don-raffo.com\/blog\/wp-content\/uploads\/2023\/11\/CoverColour-350x492.jpg 350w, http:\/\/don-raffo.com\/blog\/wp-content\/uploads\/2023\/11\/CoverColour-480x675.jpg 480w, http:\/\/don-raffo.com\/blog\/wp-content\/uploads\/2023\/11\/CoverColour.jpg 1268w\" sizes=\"(max-width: 729px) 100vw, 729px\" \/><\/a><figcaption class=\"wp-element-caption\"><strong>Diese Edition ist eine limitierte Auflage. Nur in dieser ist eine Autorenwidmung und ein cooles Survivaltool aus Don Raffos Welt, zum selbst bauen. Wenn der Strom ausf\u00e4llt, ist es sehr hilfreich. Zur Bestellung, klickt auf das Coverbild.<br>Wenn es euch gef\u00e4llt kommentiert es hier, wenn nicht, behaltet es f\u00fcr euch \ud83d\ude42<\/strong><\/figcaption><\/figure>\n\n\n\n<p><br><br><\/p>\n","protected":false},"excerpt":{"rendered":"<p>Unsere Erstausgabe: &#8222;Die Ankunft Special Edition&#8220;<\/p>\n","protected":false},"author":1,"featured_media":0,"parent":0,"menu_order":0,"comment_status":"open","ping_status":"closed","template":"","meta":{"_eb_attr":"","footnotes":""},"class_list":["post-698","page","type-page","status-publish","hentry"],"_links":{"self":[{"href":"http:\/\/don-raffo.com\/blog\/wp-json\/wp\/v2\/pages\/698","targetHints":{"allow":["GET"]}}],"collection":[{"href":"http:\/\/don-raffo.com\/blog\/wp-json\/wp\/v2\/pages"}],"about":[{"href":"http:\/\/don-raffo.com\/blog\/wp-json\/wp\/v2\/types\/page"}],"author":[{"embeddable":true,"href":"http:\/\/don-raffo.com\/blog\/wp-json\/wp\/v2\/users\/1"}],"replies":[{"embeddable":true,"href":"http:\/\/don-raffo.com\/blog\/wp-json\/wp\/v2\/comments?post=698"}],"version-history":[{"count":66,"href":"http:\/\/don-raffo.com\/blog\/wp-json\/wp\/v2\/pages\/698\/revisions"}],"predecessor-version":[{"id":1467,"href":"http:\/\/don-raffo.com\/blog\/wp-json\/wp\/v2\/pages\/698\/revisions\/1467"}],"wp:attachment":[{"href":"http:\/\/don-raffo.com\/blog\/wp-json\/wp\/v2\/media?parent=698"}],"curies":[{"name":"wp","href":"https:\/\/api.w.org\/{rel}","templated":true}]}}